{"id":5283,"date":"2024-04-15T09:55:23","date_gmt":"2024-04-15T09:55:23","guid":{"rendered":"https:\/\/kanek.com.tr\/iletisim\/"},"modified":"2024-06-01T21:31:33","modified_gmt":"2024-06-01T21:31:33","slug":"contact","status":"publish","type":"page","link":"https:\/\/kanek.com.tr\/en\/contact\/","title":{"rendered":"Contact"},"content":{"rendered":"\t\t<div data-elementor-type=\"wp-page\" data-elementor-id=\"5283\" class=\"elementor elementor-5283 elementor-4320\">\n\t\t\t\t<div class=\"elementor-element elementor-element-11804ae e-flex e-con-boxed e-con e-parent\" data-id=\"11804ae\" data-element_type=\"container\">\n\t\t\t\t\t<div class=\"e-con-inner\">\n\t\t\t\t<div class=\"elementor-element elementor-element-0981362 elementor-widget elementor-widget-spacer\" data-id=\"0981362\" data-element_type=\"widget\" data-widget_type=\"spacer.default\">\n\t\t\t\t<div class=\"elementor-widget-container\">\n\t\t\t\t\t<div class=\"elementor-spacer\">\n\t\t\t<div class=\"elementor-spacer-inner\"><\/div>\n\t\t<\/div>\n\t\t\t\t<\/div>\n\t\t\t\t<\/div>\n\t\t<div class=\"elementor-element elementor-element-806d978 e-flex e-con-boxed e-con e-child\" data-id=\"806d978\" data-element_type=\"container\">\n\t\t\t\t\t<div class=\"e-con-inner\">\n\t\t<div class=\"elementor-element elementor-element-5e6b53a e-con-full e-flex e-con e-child\" data-id=\"5e6b53a\" data-element_type=\"container\">\n\t\t\t\t<div class=\"elementor-element elementor-element-1814ea2 aleft elementor-widget elementor-widget-wgl-double-heading\" data-id=\"1814ea2\" data-element_type=\"widget\" data-widget_type=\"wgl-double-heading.default\">\n\t\t\t\t<div class=\"elementor-widget-container\">\n\t\t\t<div class=\"wgl-double-heading\"><h5 class=\"dblh__subtitle\">(OUR CONTACTS)<\/h5><h3 class=\"dblh__title-wrapper\"><span class=\"dblh__title dblh__title-1\">Get in Touch with Us<\/span><\/h3><\/div>\t\t<\/div>\n\t\t\t\t<\/div>\n\t\t\t\t<\/div>\n\t\t<div class=\"elementor-element elementor-element-164f336 e-con-full e-flex e-con e-child\" data-id=\"164f336\" data-element_type=\"container\">\n\t\t\t\t<div class=\"elementor-element elementor-element-d5a766d elementor-widget elementor-widget-spacer\" data-id=\"d5a766d\" data-element_type=\"widget\" data-widget_type=\"spacer.default\">\n\t\t\t\t<div class=\"elementor-widget-container\">\n\t\t\t\t\t<div class=\"elementor-spacer\">\n\t\t\t<div class=\"elementor-spacer-inner\"><\/div>\n\t\t<\/div>\n\t\t\t\t<\/div>\n\t\t\t\t<\/div>\n\t\t<div class=\"elementor-element elementor-element-034b92c e-flex e-con-boxed e-con e-child\" data-id=\"034b92c\" data-element_type=\"container\">\n\t\t\t\t\t<div class=\"e-con-inner\">\n\t\t<div class=\"elementor-element elementor-element-fa1370b e-con-full e-flex e-con e-child\" data-id=\"fa1370b\" data-element_type=\"container\">\n\t\t\t\t<div class=\"elementor-element elementor-element-7dd6e7c elementor-widget elementor-widget-text-editor\" data-id=\"7dd6e7c\" data-element_type=\"widget\" data-widget_type=\"text-editor.default\">\n\t\t\t\t<div class=\"elementor-widget-container\">\n\t\t\t\t\t\t\t<p><span>location<\/span><\/p>\t\t\t\t\t\t<\/div>\n\t\t\t\t<\/div>\n\t\t\t\t<\/div>\n\t\t<div class=\"elementor-element elementor-element-2095753 e-con-full e-flex e-con e-child\" data-id=\"2095753\" data-element_type=\"container\">\n\t\t\t\t<div class=\"elementor-element elementor-element-da5dbab elementor-widget elementor-widget-text-editor\" data-id=\"da5dbab\" data-element_type=\"widget\" data-widget_type=\"text-editor.default\">\n\t\t\t\t<div class=\"elementor-widget-container\">\n\t\t\t\t\t\t\t<p><span class=\"theme-header-font\"><span>Orhanl\u0131 Mahallesi \u00c7e\u015fme Caddesi No:39 Tuzla \/ \u0130stanbul<\/span><\/span><\/p>\t\t\t\t\t\t<\/div>\n\t\t\t\t<\/div>\n\t\t\t\t<\/div>\n\t\t\t\t\t<\/div>\n\t\t\t\t<\/div>\n\t\t<div class=\"elementor-element elementor-element-202ecd1 e-flex e-con-boxed e-con e-child\" data-id=\"202ecd1\" data-element_type=\"container\">\n\t\t\t\t\t<div class=\"e-con-inner\">\n\t\t<div class=\"elementor-element elementor-element-4d35cce e-con-full e-flex e-con e-child\" data-id=\"4d35cce\" data-element_type=\"container\">\n\t\t\t\t<div class=\"elementor-element elementor-element-f9ce692 elementor-widget elementor-widget-text-editor\" data-id=\"f9ce692\" data-element_type=\"widget\" data-widget_type=\"text-editor.default\">\n\t\t\t\t<div class=\"elementor-widget-container\">\n\t\t\t\t\t\t\t<p><span>give us a call<\/span><\/p>\t\t\t\t\t\t<\/div>\n\t\t\t\t<\/div>\n\t\t\t\t<\/div>\n\t\t<div class=\"elementor-element elementor-element-60b947a e-con-full e-flex e-con e-child\" data-id=\"60b947a\" data-element_type=\"container\">\n\t\t\t\t<div class=\"elementor-element elementor-element-914f641 elementor-widget elementor-widget-text-editor\" data-id=\"914f641\" data-element_type=\"widget\" data-widget_type=\"text-editor.default\">\n\t\t\t\t<div class=\"elementor-widget-container\">\n\t\t\t\t\t\t\t<p><span>\u00a0+90 (216) 702 10 22<\/span><\/p>\t\t\t\t\t\t<\/div>\n\t\t\t\t<\/div>\n\t\t\t\t<\/div>\n\t\t\t\t\t<\/div>\n\t\t\t\t<\/div>\n\t\t<div class=\"elementor-element elementor-element-0f64e70 e-flex e-con-boxed e-con e-child\" data-id=\"0f64e70\" data-element_type=\"container\">\n\t\t\t\t\t<div class=\"e-con-inner\">\n\t\t<div class=\"elementor-element elementor-element-8076438 e-con-full e-flex e-con e-child\" data-id=\"8076438\" data-element_type=\"container\">\n\t\t\t\t<div class=\"elementor-element elementor-element-e59006d elementor-widget elementor-widget-text-editor\" data-id=\"e59006d\" data-element_type=\"widget\" data-widget_type=\"text-editor.default\">\n\t\t\t\t<div class=\"elementor-widget-container\">\n\t\t\t\t\t\t\t<p><span>whatsapp<\/span><\/p>\t\t\t\t\t\t<\/div>\n\t\t\t\t<\/div>\n\t\t\t\t<\/div>\n\t\t<div class=\"elementor-element elementor-element-61c1740 e-con-full e-flex e-con e-child\" data-id=\"61c1740\" data-element_type=\"container\">\n\t\t\t\t<div class=\"elementor-element elementor-element-340f836 elementor-widget elementor-widget-text-editor\" data-id=\"340f836\" data-element_type=\"widget\" data-widget_type=\"text-editor.default\">\n\t\t\t\t<div class=\"elementor-widget-container\">\n\t\t\t\t\t\t\t<p><span>+90 (541) 671 00 53<\/span><\/p>\t\t\t\t\t\t<\/div>\n\t\t\t\t<\/div>\n\t\t\t\t<\/div>\n\t\t\t\t\t<\/div>\n\t\t\t\t<\/div>\n\t\t<div class=\"elementor-element elementor-element-37f3c89 e-flex e-con-boxed e-con e-child\" data-id=\"37f3c89\" data-element_type=\"container\">\n\t\t\t\t\t<div class=\"e-con-inner\">\n\t\t<div class=\"elementor-element elementor-element-c4ca0fb e-con-full e-flex e-con e-child\" data-id=\"c4ca0fb\" data-element_type=\"container\">\n\t\t\t\t<div class=\"elementor-element elementor-element-71f7290 elementor-widget elementor-widget-text-editor\" data-id=\"71f7290\" data-element_type=\"widget\" data-widget_type=\"text-editor.default\">\n\t\t\t\t<div class=\"elementor-widget-container\">\n\t\t\t\t\t\t\t<span class=\"theme-header-font\">working hours<\/span>\t\t\t\t\t\t<\/div>\n\t\t\t\t<\/div>\n\t\t\t\t<\/div>\n\t\t<div class=\"elementor-element elementor-element-f7f8248 e-con-full e-flex e-con e-child\" data-id=\"f7f8248\" data-element_type=\"container\">\n\t\t\t\t<div class=\"elementor-element elementor-element-406c2b8 elementor-widget elementor-widget-text-editor\" data-id=\"406c2b8\" data-element_type=\"widget\" data-widget_type=\"text-editor.default\">\n\t\t\t\t<div class=\"elementor-widget-container\">\n\t\t\t\t\t\t\t<p><span class=\"theme-header-font\">Mn &#8211; Fr:\u00a0 8:30 &#8211; 17:30 \/ GTM+3<\/span><\/p>\t\t\t\t\t\t<\/div>\n\t\t\t\t<\/div>\n\t\t\t\t<\/div>\n\t\t\t\t\t<\/div>\n\t\t\t\t<\/div>\n\t\t<div class=\"elementor-element elementor-element-904a651 e-flex e-con-boxed e-con e-child\" data-id=\"904a651\" data-element_type=\"container\">\n\t\t\t\t\t<div class=\"e-con-inner\">\n\t\t<div class=\"elementor-element elementor-element-3adcbfc e-con-full e-flex e-con e-child\" data-id=\"3adcbfc\" data-element_type=\"container\">\n\t\t\t\t<\/div>\n\t\t<div class=\"elementor-element elementor-element-88f64e8 e-con-full e-flex e-con e-child\" data-id=\"88f64e8\" data-element_type=\"container\">\n\t\t\t\t<div class=\"elementor-element elementor-element-fa12a7f aleft elementor-widget elementor-widget-wgl-button\" data-id=\"fa12a7f\" data-element_type=\"widget\" data-widget_type=\"wgl-button.default\">\n\t\t\t\t<div class=\"elementor-widget-container\">\n\t\t\t<a class=\"wgl-button btn-size-xl \" role=\"button\" href=\"https:\/\/www.instagram.com\/eksioglukanek\"><div class=\"button__content \"><span class=\"button__text\">instagram<\/span><\/div><\/a>\t\t<\/div>\n\t\t\t\t<\/div>\n\t\t\t\t<div class=\"elementor-element elementor-element-875dbbd aleft elementor-widget elementor-widget-wgl-button\" data-id=\"875dbbd\" data-element_type=\"widget\" data-widget_type=\"wgl-button.default\">\n\t\t\t\t<div class=\"elementor-widget-container\">\n\t\t\t<a class=\"wgl-button btn-size-xl \" role=\"button\" href=\"https:\/\/www.facebook.com\/kanekeksioglu\"><div class=\"button__content \"><span class=\"button__text\">facebook<\/span><\/div><\/a>\t\t<\/div>\n\t\t\t\t<\/div>\n\t\t\t\t<div class=\"elementor-element elementor-element-fc97bd4 aleft elementor-widget-icon-box wgl-icon-box elementor-widget elementor-widget-wgl-button\" data-id=\"fc97bd4\" data-element_type=\"widget\" data-widget_type=\"wgl-button.default\">\n\t\t\t\t<div class=\"elementor-widget-container\">\n\t\t\t<a class=\"wgl-button btn-size-xl \" role=\"button\" href=\"https:\/\/twitter.com\/Eksioglukanek\"><div class=\"button__content align-icon-left\"><div class=\"media-wrapper icon-wrapper\"><span class=\"wgl-icon\" ><svg class=\"icon elementor-icon e-font-icon-svg e-fab-x-twitter\" aria-hidden=\"true\" viewBox=\"0 0 512 512\" xmlns=\"http:\/\/www.w3.org\/2000\/svg\"><path d=\"M389.2 48h70.6L305.6 224.2 487 464H345L233.7 318.6 106.5 464H35.8L200.7 275.5 26.8 48H172.4L272.9 180.9 389.2 48zM364.4 421.8h39.1L151.1 88h-42L364.4 421.8z\"><\/path><\/svg><\/span><\/div><span class=\"button__text\">twitter<\/span><\/div><\/a>\t\t<\/div>\n\t\t\t\t<\/div>\n\t\t\t\t<\/div>\n\t\t\t\t\t<\/div>\n\t\t\t\t<\/div>\n\t\t\t\t<\/div>\n\t\t\t\t\t<\/div>\n\t\t\t\t<\/div>\n\t\t\t\t\t<\/div>\n\t\t\t\t<\/div>\n\t\t<div class=\"elementor-element elementor-element-b746eab e-flex e-con-boxed e-con e-parent\" data-id=\"b746eab\" data-element_type=\"container\">\n\t\t\t\t\t<div class=\"e-con-inner\">\n\t\t\t\t<div class=\"elementor-element elementor-element-0f3a86a elementor-widget elementor-widget-spacer\" data-id=\"0f3a86a\" data-element_type=\"widget\" data-widget_type=\"spacer.default\">\n\t\t\t\t<div class=\"elementor-widget-container\">\n\t\t\t\t\t<div class=\"elementor-spacer\">\n\t\t\t<div class=\"elementor-spacer-inner\"><\/div>\n\t\t<\/div>\n\t\t\t\t<\/div>\n\t\t\t\t<\/div>\n\t\t<div class=\"elementor-element elementor-element-b9f9a7f e-flex e-con-boxed e-con e-child\" data-id=\"b9f9a7f\" data-element_type=\"container\">\n\t\t\t\t\t<div class=\"e-con-inner\">\n\t\t\t\t<div class=\"elementor-element elementor-element-e0005ab acenter visibility-always elementor-widget elementor-widget-wgl-text-editor\" data-id=\"e0005ab\" data-element_type=\"widget\" data-widget_type=\"wgl-text-editor.default\">\n\t\t\t\t<div class=\"elementor-widget-container\">\n\t\t\t<div class=\"wgl-text-editor mask_effect\"><h3 class=\"text-editor_wrapper\"><a href=\"mailto:bilgi@kanek.com.tr\" target=\"_blank\">bilgi@kanek.com.tr<\/a><\/h3><div class=\"text-editor_wrapper text-editor_wrapper-clone\"><a href=\"mailto:bilgi@kanek.com.tr\" target=\"_blank\">bilgi@kanek.com.tr<\/a><\/div><\/div>\t\t<\/div>\n\t\t\t\t<\/div>\n\t\t\t\t\t<\/div>\n\t\t\t\t<\/div>\n\t\t\t\t<div class=\"elementor-element elementor-element-7c3ae39 elementor-widget elementor-widget-spacer\" data-id=\"7c3ae39\" data-element_type=\"widget\" data-widget_type=\"spacer.default\">\n\t\t\t\t<div class=\"elementor-widget-container\">\n\t\t\t\t\t<div class=\"elementor-spacer\">\n\t\t\t<div class=\"elementor-spacer-inner\"><\/div>\n\t\t<\/div>\n\t\t\t\t<\/div>\n\t\t\t\t<\/div>\n\t\t\t\t\t<\/div>\n\t\t\t\t<\/div>\n\t\t<div class=\"elementor-element elementor-element-b668dbc e-con-full e-flex e-con e-parent\" data-id=\"b668dbc\" data-element_type=\"container\">\n\t\t\t\t<div class=\"elementor-element elementor-element-bf4ecea elementor-widget elementor-widget-google_maps\" data-id=\"bf4ecea\" data-element_type=\"widget\" data-widget_type=\"google_maps.default\">\n\t\t\t\t<div class=\"elementor-widget-container\">\n\t\t\t\t\t<div class=\"elementor-custom-embed\">\n\t\t\t<iframe loading=\"lazy\"\n\t\t\t\t\tsrc=\"https:\/\/www.google.com\/maps\/embed\/v1\/place?key=AIzaSyCaLySWxdLyY9yY12vIq5eis2FZa09ibNg&#038;q=Orhanl%C4%B1%20Mahallesi%20%C3%87e%C5%9Fme%20Caddesi%20No%3A39%2F&#038;zoom=19\"\n\t\t\t\t\ttitle=\"Orhanl\u0131 Mahallesi \u00c7e\u015fme Caddesi No:39\/\"\n\t\t\t\t\taria-label=\"Orhanl\u0131 Mahallesi \u00c7e\u015fme Caddesi No:39\/\"\n\t\t\t><\/iframe>\n\t\t<\/div>\n\t\t\t\t<\/div>\n\t\t\t\t<\/div>\n\t\t\t\t<\/div>\n\t\t<div class=\"elementor-element elementor-element-3b969fc e-flex e-con-boxed e-con e-parent\" data-id=\"3b969fc\" data-element_type=\"container\">\n\t\t\t\t\t<div class=\"e-con-inner\">\n\t\t\t\t<div class=\"elementor-element elementor-element-d03f9e5 elementor-widget elementor-widget-spacer\" data-id=\"d03f9e5\" data-element_type=\"widget\" data-widget_type=\"spacer.default\">\n\t\t\t\t<div class=\"elementor-widget-container\">\n\t\t\t\t\t<div class=\"elementor-spacer\">\n\t\t\t<div class=\"elementor-spacer-inner\"><\/div>\n\t\t<\/div>\n\t\t\t\t<\/div>\n\t\t\t\t<\/div>\n\t\t<div class=\"elementor-element elementor-element-e9b940c e-flex e-con-boxed e-con e-child\" data-id=\"e9b940c\" data-element_type=\"container\">\n\t\t\t\t\t<div class=\"e-con-inner\">\n\t\t\t\t<div class=\"elementor-element elementor-element-3b0b3dc acenter elementor-widget__width-initial elementor-widget elementor-widget-wgl-double-heading\" data-id=\"3b0b3dc\" data-element_type=\"widget\" data-widget_type=\"wgl-double-heading.default\">\n\t\t\t\t<div class=\"elementor-widget-container\">\n\t\t\t<div class=\"wgl-double-heading\"><h3 class=\"dblh__title-wrapper\"><span class=\"dblh__title dblh__title-1\">We are here to provide you with more information and offer you the most suitable solution.<\/span><\/h3><\/div>\t\t<\/div>\n\t\t\t\t<\/div>\n\t\t\t\t<div class=\"elementor-element elementor-element-4d2c273 elementor-widget elementor-widget-spacer\" data-id=\"4d2c273\" data-element_type=\"widget\" data-widget_type=\"spacer.default\">\n\t\t\t\t<div class=\"elementor-widget-container\">\n\t\t\t\t\t<div class=\"elementor-spacer\">\n\t\t\t<div class=\"elementor-spacer-inner\"><\/div>\n\t\t<\/div>\n\t\t\t\t<\/div>\n\t\t\t\t<\/div>\n\t\t\t\t<div class=\"elementor-element elementor-element-3d4cd21 elementor-widget elementor-widget-text-editor\" data-id=\"3d4cd21\" data-element_type=\"widget\" data-widget_type=\"text-editor.default\">\n\t\t\t\t<div class=\"elementor-widget-container\">\n\t\t\t\t\t\t\t<p>Send us an email to find out how we can help you<\/p>\t\t\t\t\t\t<\/div>\n\t\t\t\t<\/div>\n\t\t\t\t<div class=\"elementor-element elementor-element-12f3788 acenter elementor-widget__width-initial elementor-widget elementor-widget-wgl-contact-form-7\" data-id=\"12f3788\" data-element_type=\"widget\" data-widget_type=\"wgl-contact-form-7.default\">\n\t\t\t\t<div class=\"elementor-widget-container\">\n\t\t\t<div class=\"wgl-contact-form-7\">\n<div class=\"wpcf7 no-js\" id=\"wpcf7-f5104-o1\" lang=\"en-US\" dir=\"ltr\" data-wpcf7-id=\"5104\">\n<div class=\"screen-reader-response\"><p role=\"status\" aria-live=\"polite\" aria-atomic=\"true\"><\/p> <ul><\/ul><\/div>\n<form action=\"\/en\/wp-json\/wp\/v2\/pages\/5283#wpcf7-f5104-o1\" method=\"post\" class=\"wpcf7-form init\" aria-label=\"Contact form\" novalidate=\"novalidate\" data-status=\"init\">\n<fieldset class=\"hidden-fields-container\"><input type=\"hidden\" name=\"_wpcf7\" value=\"5104\" \/><input type=\"hidden\" name=\"_wpcf7_version\" value=\"6.1.5\" \/><input type=\"hidden\" name=\"_wpcf7_locale\" value=\"en_US\" \/><input type=\"hidden\" name=\"_wpcf7_unit_tag\" value=\"wpcf7-f5104-o1\" \/><input type=\"hidden\" name=\"_wpcf7_container_post\" value=\"0\" \/><input type=\"hidden\" name=\"_wpcf7_posted_data_hash\" value=\"\" \/>\n<\/fieldset>\n<div class='row'>\n<div class='wgl_col-12'>\n<span class=\"wpcf7-form-control-wrap\" data-name=\"label-name\"><input size=\"40\" maxlength=\"400\" class=\"wpcf7-form-control wpcf7-text wpcf7-validates-as-required\" aria-required=\"true\" aria-invalid=\"false\" placeholder=\"Your Name\" value=\"\" type=\"text\" name=\"label-name\" \/><\/span>\n<\/div>\n<div class='wgl_col-12'>\n<span class=\"wpcf7-form-control-wrap\" data-name=\"label-email\"><input size=\"40\" maxlength=\"400\" class=\"wpcf7-form-control wpcf7-email wpcf7-validates-as-required wpcf7-text wpcf7-validates-as-email\" aria-required=\"true\" aria-invalid=\"false\" placeholder=\"Your Email\" value=\"\" type=\"email\" name=\"label-email\" \/><\/span>\n<\/div>\n<div class='wgl_col-12'>\n<span class=\"wpcf7-form-control-wrap\" data-name=\"label-textarea\"><textarea cols=\"40\" rows=\"10\" maxlength=\"2000\" class=\"wpcf7-form-control wpcf7-textarea\" aria-invalid=\"false\" placeholder=\"Your Comment\" name=\"label-textarea\"><\/textarea><\/span>\n<\/div>\n<div class='wgl_col-12'>\n<div class=\"wgl-button-cf7\">\n<input class=\"wpcf7-form-control wpcf7-submit has-spinner\" type=\"submit\" value=\"GET IN TOUCH\" \/>\n<span><\/span>\n<\/div>\n<\/div>\n<\/div><p style=\"display: none !important;\" class=\"akismet-fields-container\" data-prefix=\"_wpcf7_ak_\"><label>&#916;<textarea name=\"_wpcf7_ak_hp_textarea\" cols=\"45\" rows=\"8\" maxlength=\"100\"><\/textarea><\/label><input type=\"hidden\" id=\"ak_js_1\" name=\"_wpcf7_ak_js\" value=\"2\"\/><script>document.getElementById( \"ak_js_1\" ).setAttribute( \"value\", ( new Date() ).getTime() );<\/script><\/p><div class=\"wpcf7-response-output\" aria-hidden=\"true\"><\/div>\n<\/form>\n<\/div>\n<\/div>\t\t<\/div>\n\t\t\t\t<\/div>\n\t\t\t\t<div class=\"elementor-element elementor-element-adb3cca elementor-widget elementor-widget-spacer\" data-id=\"adb3cca\" data-element_type=\"widget\" data-widget_type=\"spacer.default\">\n\t\t\t\t<div class=\"elementor-widget-container\">\n\t\t\t\t\t<div class=\"elementor-spacer\">\n\t\t\t<div class=\"elementor-spacer-inner\"><\/div>\n\t\t<\/div>\n\t\t\t\t<\/div>\n\t\t\t\t<\/div>\n\t\t\t\t\t<\/div>\n\t\t\t\t<\/div>\n\t\t\t\t\t<\/div>\n\t\t\t\t<\/div>\n\t\t\t\t<\/div>\n\t\t","protected":false},"excerpt":{"rendered":"<p>(OUR CONTACTS) Get in Touch with Us location Orhanl\u0131 Mahallesi \u00c7e\u015fme Caddesi No:39 Tuzla \/ \u0130stanbul give us a call \u00a0+90 (216) 702 10 22 whatsapp +90 (541) 671 00 53 working hours Mn &#8211; Fr:\u00a0 8:30 &#8211; 17:30 \/ GTM+3 instagram facebook twitter bilgi@kanek.com.tr bilgi@kanek.com.tr We are here to provide you with more information [&hellip;]<\/p>\n","protected":false},"author":1,"featured_media":0,"parent":0,"menu_order":0,"comment_status":"closed","ping_status":"closed","template":"","meta":{"footnotes":""},"class_list":["post-5283","page","type-page","status-publish","hentry"],"_links":{"self":[{"href":"https:\/\/kanek.com.tr\/en\/wp-json\/wp\/v2\/pages\/5283","targetHints":{"allow":["GET"]}}],"collection":[{"href":"https:\/\/kanek.com.tr\/en\/wp-json\/wp\/v2\/pages"}],"about":[{"href":"https:\/\/kanek.com.tr\/en\/wp-json\/wp\/v2\/types\/page"}],"author":[{"embeddable":true,"href":"https:\/\/kanek.com.tr\/en\/wp-json\/wp\/v2\/users\/1"}],"replies":[{"embeddable":true,"href":"https:\/\/kanek.com.tr\/en\/wp-json\/wp\/v2\/comments?post=5283"}],"version-history":[{"count":9,"href":"https:\/\/kanek.com.tr\/en\/wp-json\/wp\/v2\/pages\/5283\/revisions"}],"predecessor-version":[{"id":5294,"href":"https:\/\/kanek.com.tr\/en\/wp-json\/wp\/v2\/pages\/5283\/revisions\/5294"}],"wp:attachment":[{"href":"https:\/\/kanek.com.tr\/en\/wp-json\/wp\/v2\/media?parent=5283"}],"curies":[{"name":"wp","href":"https:\/\/api.w.org\/{rel}","templated":true}]}}